{"id":760,"date":"2026-05-02T12:30:39","date_gmt":"2026-05-02T12:30:39","guid":{"rendered":"https:\/\/gko.ch\/?page_id=760"},"modified":"2026-05-02T12:30:40","modified_gmt":"2026-05-02T12:30:40","slug":"programm-2007","status":"publish","type":"page","link":"https:\/\/gko.ch\/?page_id=760","title":{"rendered":"Programm 2007"},"content":{"rendered":"\n<p><strong>Samstag, 10. Juni 2007, 20 Uhr<\/strong><br>Stadtkirche Glarus<br>Christoph Kobelt<br>Kleines Kindlein in der Wiege op. 7,15<br>Konzert f\u00fcr Streichorchester, Orgel und Pauken op. 28<br>Psalmenmesse op. 24<br>Emanuele Jannibelli, Orgel \/ Schoschana Kobelt, Sopran \/ Glarner Singverein \/ Glarner Kammerorchester \/<br>Leitung: Christoph Kobelt<\/p>\n\n\n\n<p><strong>Sonntag, 9. September 2007, 17 Uhr<\/strong><br>Evangelische Kirche Schwanden<br>Giovanni Gabrieli<br>III. Canzon septimi toni f\u00fcr zwei Streichorchester<br>Dietrich Buxtehude<br>Canzonetta in G f\u00fcr Orgel<br>Felix Mendelssohn<br>Denn er hat seinen Engeln befohlen Chormotette<br>Krysztof Penderecki<br>Drei St\u00fccke im alten Stil f\u00fcr Streichorchester<br>Willy Burkhard<br>Ich hebe meine Augen auf zu den Bergen Chormotette op. 82,3<br>Ferenc Farkas<br>Partita all&#8216; ungarese f\u00fcr Streichorchester<br>Christoph Kobelt<br>Dr lischtig Jakob es M\u00e4rschli f\u00fcr Orgel aus op.16<br>Dr Gl\u00e4\u00e4rnisch f\u00fcr Chor op. 15,25<br>Paul Hindemith<br>Drei S\u00e4tze aus Acht St\u00fccke f\u00fcr Streichorchester op. 44,3<br>Hie kann nit sein ein b\u00f6ser Mut Kanon aus op. 45 f\u00fcr Singstimmen und Instrumente<br>Wer sich die Musik erkiest Kanon aus op. 45 f\u00fcr Singstimmen und Instrumente<br>Glarner Singverein \/ Glarner Kammerorchester \/ Jugendorchester Contrappunto \/ David Kobelt, Orgel \/<br>Leitung: Christoph Kobelt<\/p>\n","protected":false},"excerpt":{"rendered":"<p>Samstag, 10. Juni 2007, 20 UhrStadtkirche GlarusChristoph KobeltKleines Kindlein in der Wiege op. 7,15Konzert f\u00fcr Streichorchester, Orgel und Pauken op. [&hellip;]<\/p>\n","protected":false},"author":1,"featured_media":0,"parent":0,"menu_order":0,"comment_status":"closed","ping_status":"closed","template":"","meta":{"site-sidebar-layout":"default","site-content-layout":"","ast-site-content-layout":"default","site-content-style":"default","site-sidebar-style":"default","ast-global-header-display":"","ast-banner-title-visibility":"","ast-main-header-display":"","ast-hfb-above-header-display":"","ast-hfb-below-header-display":"","ast-hfb-mobile-header-display":"","site-post-title":"","ast-breadcrumbs-content":"","ast-featured-img":"","footer-sml-layout":"","ast-disable-related-posts":"","theme-transparent-header-meta":"","adv-header-id-meta":"","stick-header-meta":"","header-above-stick-meta":"","header-main-stick-meta":"","header-below-stick-meta":"","astra-migrate-meta-layouts":"default","ast-page-background-enabled":"default","ast-page-background-meta":{"desktop":{"background-color":"var(--ast-global-color-4)","background-image":"","background-repeat":"repeat","background-position":"center center","background-size":"auto","background-attachment":"scroll","background-type":"","background-media":"","overlay-type":"","overlay-color":"","overlay-opacity":"","overlay-gradient":""},"tablet":{"background-color":"","background-image":"","background-repeat":"repeat","background-position":"center center","background-size":"auto","background-attachment":"scroll","background-type":"","background-media":"","overlay-type":"","overlay-color":"","overlay-opacity":"","overlay-gradient":""},"mobile":{"background-color":"","background-image":"","background-repeat":"repeat","background-position":"center center","background-size":"auto","background-attachment":"scroll","background-type":"","background-media":"","overlay-type":"","overlay-color":"","overlay-opacity":"","overlay-gradient":""}},"ast-content-background-meta":{"desktop":{"background-color":"var(--ast-global-color-5)","background-image":"","background-repeat":"repeat","background-position":"center center","background-size":"auto","background-attachment":"scroll","background-type":"","background-media":"","overlay-type":"","overlay-color":"","overlay-opacity":"","overlay-gradient":""},"tablet":{"background-color":"var(--ast-global-color-5)","background-image":"","background-repeat":"repeat","background-position":"center center","background-size":"auto","background-attachment":"scroll","background-type":"","background-media":"","overlay-type":"","overlay-color":"","overlay-opacity":"","overlay-gradient":""},"mobile":{"background-color":"var(--ast-global-color-5)","background-image":"","background-repeat":"repeat","background-position":"center center","background-size":"auto","background-attachment":"scroll","background-type":"","background-media":"","overlay-type":"","overlay-color":"","overlay-opacity":"","overlay-gradient":""}},"footnotes":""},"class_list":["post-760","page","type-page","status-publish","hentry"],"_links":{"self":[{"href":"https:\/\/gko.ch\/index.php?rest_route=\/wp\/v2\/pages\/760","targetHints":{"allow":["GET"]}}],"collection":[{"href":"https:\/\/gko.ch\/index.php?rest_route=\/wp\/v2\/pages"}],"about":[{"href":"https:\/\/gko.ch\/index.php?rest_route=\/wp\/v2\/types\/page"}],"author":[{"embeddable":true,"href":"https:\/\/gko.ch\/index.php?rest_route=\/wp\/v2\/users\/1"}],"replies":[{"embeddable":true,"href":"https:\/\/gko.ch\/index.php?rest_route=%2Fwp%2Fv2%2Fcomments&post=760"}],"version-history":[{"count":1,"href":"https:\/\/gko.ch\/index.php?rest_route=\/wp\/v2\/pages\/760\/revisions"}],"predecessor-version":[{"id":761,"href":"https:\/\/gko.ch\/index.php?rest_route=\/wp\/v2\/pages\/760\/revisions\/761"}],"wp:attachment":[{"href":"https:\/\/gko.ch\/index.php?rest_route=%2Fwp%2Fv2%2Fmedia&parent=760"}],"curies":[{"name":"wp","href":"https:\/\/api.w.org\/{rel}","templated":true}]}}