{"id":756,"date":"2026-05-02T12:27:58","date_gmt":"2026-05-02T12:27:58","guid":{"rendered":"https:\/\/gko.ch\/?page_id=756"},"modified":"2026-05-02T12:27:59","modified_gmt":"2026-05-02T12:27:59","slug":"programm-2005","status":"publish","type":"page","link":"https:\/\/gko.ch\/?page_id=756","title":{"rendered":"Programm 2005"},"content":{"rendered":"\n<p><strong>Samstag, 19. M\u00e4rz 2005<\/strong><br>I. Teil: 16.30 Uhr in der Stadtkirche Glarus<br>Wolfgang Amadeus Mozart<br>Missa C-Dur &#8222;Kr\u00f6nungsmesse&#8220; KV 317<br>II. Teil: 18.30 Uhr in der Aula der Kantonsschule Glarus<br>Ludwig van Beethoven<br>Klavierkonzert Nr. 4 in G-Dur op. 58<br>Fantasie in c-moll &#8222;Chorfantasie&#8220; op. 80<br>Isabelle Anderfuhren, Sopran \/ Sonoe Kato, Alt \/ Christof Breitenmoser, Tenor \/ J\u00fcrg Krattinger, Bass \/<br>Glarner Singverein \/ Glarner Kammerorchester \/ Leitung: Christoph Kobelt<\/p>\n\n\n\n<p><strong>Sonntag 1. Oktober 2005, 20 Uhr<\/strong><br>Stadtkirche Glarus<br>Johann Walter<br>Allein auf Gottes Wort Motette<br>Giuseppe Verdi<br>Agnus Dei aus dem Requiem f\u00fcr Orgel bearbeitet von Franz Liszt<br>Ave Maria Motette aus &#8222;Quattro pezzi sacri&#8220;<br>Gustav Adolf Merkel<br>Sonate d-moll f\u00fcr Orgel zu vier H\u00e4nden und Doppelpedal op. 30<br>Heinrich Sch\u00fctz<br>Verleih uns Frieden Motette aus der geistlichen Chormusik 1648<br>Johann Jakob Froberger<br>Capriccio VI in G f\u00fcr Streichorchester<br>Melchior Frank<br>Und ich h\u00f6rte eine grosse Stimm Chormotette<br>Felix Mendelssohn<br>Pr\u00e4ludium und Fuge d-moll f\u00fcr Orgel<br>Anton Bruckner<br>Christus factus est Motette<br>Ave Maria Motette<br>Eduard Grieg<br>Holberg-Suite f\u00fcr Streichorchester op. 40<br>Johann Walter<br>Allein auf Gottes Wort Motette<br>Emanuele Jannibelli und David Kobelt, Orgel \/ Glarner Singverein \/ Glarner Kammerorchester \/<br>Jugendorchester Contrappunto \/ Leitung: Christoph Kobelt<\/p>\n","protected":false},"excerpt":{"rendered":"<p>Samstag, 19. M\u00e4rz 2005I. Teil: 16.30 Uhr in der Stadtkirche GlarusWolfgang Amadeus MozartMissa C-Dur &#8222;Kr\u00f6nungsmesse&#8220; KV 317II. Teil: 18.30 Uhr [&hellip;]<\/p>\n","protected":false},"author":1,"featured_media":0,"parent":0,"menu_order":0,"comment_status":"closed","ping_status":"closed","template":"","meta":{"site-sidebar-layout":"default","site-content-layout":"","ast-site-content-layout":"default","site-content-style":"default","site-sidebar-style":"default","ast-global-header-display":"","ast-banner-title-visibility":"","ast-main-header-display":"","ast-hfb-above-header-display":"","ast-hfb-below-header-display":"","ast-hfb-mobile-header-display":"","site-post-title":"","ast-breadcrumbs-content":"","ast-featured-img":"","footer-sml-layout":"","ast-disable-related-posts":"","theme-transparent-header-meta":"","adv-header-id-meta":"","stick-header-meta":"","header-above-stick-meta":"","header-main-stick-meta":"","header-below-stick-meta":"","astra-migrate-meta-layouts":"default","ast-page-background-enabled":"default","ast-page-background-meta":{"desktop":{"background-color":"var(--ast-global-color-4)","background-image":"","background-repeat":"repeat","background-position":"center center","background-size":"auto","background-attachment":"scroll","background-type":"","background-media":"","overlay-type":"","overlay-color":"","overlay-opacity":"","overlay-gradient":""},"tablet":{"background-color":"","background-image":"","background-repeat":"repeat","background-position":"center center","background-size":"auto","background-attachment":"scroll","background-type":"","background-media":"","overlay-type":"","overlay-color":"","overlay-opacity":"","overlay-gradient":""},"mobile":{"background-color":"","background-image":"","background-repeat":"repeat","background-position":"center center","background-size":"auto","background-attachment":"scroll","background-type":"","background-media":"","overlay-type":"","overlay-color":"","overlay-opacity":"","overlay-gradient":""}},"ast-content-background-meta":{"desktop":{"background-color":"var(--ast-global-color-5)","background-image":"","background-repeat":"repeat","background-position":"center center","background-size":"auto","background-attachment":"scroll","background-type":"","background-media":"","overlay-type":"","overlay-color":"","overlay-opacity":"","overlay-gradient":""},"tablet":{"background-color":"var(--ast-global-color-5)","background-image":"","background-repeat":"repeat","background-position":"center center","background-size":"auto","background-attachment":"scroll","background-type":"","background-media":"","overlay-type":"","overlay-color":"","overlay-opacity":"","overlay-gradient":""},"mobile":{"background-color":"var(--ast-global-color-5)","background-image":"","background-repeat":"repeat","background-position":"center center","background-size":"auto","background-attachment":"scroll","background-type":"","background-media":"","overlay-type":"","overlay-color":"","overlay-opacity":"","overlay-gradient":""}},"footnotes":""},"class_list":["post-756","page","type-page","status-publish","hentry"],"_links":{"self":[{"href":"https:\/\/gko.ch\/index.php?rest_route=\/wp\/v2\/pages\/756","targetHints":{"allow":["GET"]}}],"collection":[{"href":"https:\/\/gko.ch\/index.php?rest_route=\/wp\/v2\/pages"}],"about":[{"href":"https:\/\/gko.ch\/index.php?rest_route=\/wp\/v2\/types\/page"}],"author":[{"embeddable":true,"href":"https:\/\/gko.ch\/index.php?rest_route=\/wp\/v2\/users\/1"}],"replies":[{"embeddable":true,"href":"https:\/\/gko.ch\/index.php?rest_route=%2Fwp%2Fv2%2Fcomments&post=756"}],"version-history":[{"count":1,"href":"https:\/\/gko.ch\/index.php?rest_route=\/wp\/v2\/pages\/756\/revisions"}],"predecessor-version":[{"id":757,"href":"https:\/\/gko.ch\/index.php?rest_route=\/wp\/v2\/pages\/756\/revisions\/757"}],"wp:attachment":[{"href":"https:\/\/gko.ch\/index.php?rest_route=%2Fwp%2Fv2%2Fmedia&parent=756"}],"curies":[{"name":"wp","href":"https:\/\/api.w.org\/{rel}","templated":true}]}}