{"id":754,"date":"2026-05-02T12:26:58","date_gmt":"2026-05-02T12:26:58","guid":{"rendered":"https:\/\/gko.ch\/?page_id=754"},"modified":"2026-05-02T12:26:58","modified_gmt":"2026-05-02T12:26:58","slug":"programm-2004","status":"publish","type":"page","link":"https:\/\/gko.ch\/?page_id=754","title":{"rendered":"Programm 2004"},"content":{"rendered":"\n<p><strong>Samstag, 27. M\u00e4rz 2004, 20 Uhr<\/strong><br>Gemeindehaussaal Ennenda<br>Claude Debussy<br>Danse sacr\u00e9e &#8211; Danse profane f\u00fcr Harfe und Streichorchester<br>Wolfgang Amadeus Mozart<br>Konzert f\u00fcr Fl\u00f6te und Harfe KV 299<br>Franz Schubert<br>Symphonie Nr. 5 in B-Dur<br>2004<br>Katrin Bamert, Harfe \/ Patricia Tschudi, Fl\u00f6te \/ Glarner Kammerorchester \/ Leitung: Christoph Kobelt<\/p>\n\n\n\n<p><strong>Samstag, 20. November 2004<\/strong><br>Kirche Ennenda<br>Dietrich Buxtehude<br>Pr\u00e4ludium in g-moll<br>Johann Sebastian Bach<br>Contrapunktus I und III aus der Kunst der Fuge BWV 1080<br>Karl Heinrich Graun<br>Orgelkonzert in F f\u00fcr Orgel und Orchester<br>Johann Sebastian Bach<br>Ricercare \u00e0 6 aus dem Musikalischen Opfer BWV 1079<br>vier Chor\u00e4le<br>Mit fried und Freud ich fahr dahin \/ Helft mir Gottes G\u00fcte preisen \/ Jesu, meine Freude \/ Allein Gott in der H\u00f6h sei<br>Ehr<br>Georg Friedrich H\u00e4ndel<br>Orgelkonzert Nr. 13 in F-Dur HWV 295 f\u00fcr Orgel und Orchester<br>Ruth Illi, Orgel \/ Glarner Kammerorchester \/ Leitung: Christoph Kobelt<\/p>\n","protected":false},"excerpt":{"rendered":"<p>Samstag, 27. M\u00e4rz 2004, 20 UhrGemeindehaussaal EnnendaClaude DebussyDanse sacr\u00e9e &#8211; Danse profane f\u00fcr Harfe und StreichorchesterWolfgang Amadeus MozartKonzert f\u00fcr Fl\u00f6te [&hellip;]<\/p>\n","protected":false},"author":1,"featured_media":0,"parent":0,"menu_order":0,"comment_status":"closed","ping_status":"closed","template":"","meta":{"site-sidebar-layout":"default","site-content-layout":"","ast-site-content-layout":"default","site-content-style":"default","site-sidebar-style":"default","ast-global-header-display":"","ast-banner-title-visibility":"","ast-main-header-display":"","ast-hfb-above-header-display":"","ast-hfb-below-header-display":"","ast-hfb-mobile-header-display":"","site-post-title":"","ast-breadcrumbs-content":"","ast-featured-img":"","footer-sml-layout":"","ast-disable-related-posts":"","theme-transparent-header-meta":"","adv-header-id-meta":"","stick-header-meta":"","header-above-stick-meta":"","header-main-stick-meta":"","header-below-stick-meta":"","astra-migrate-meta-layouts":"default","ast-page-background-enabled":"default","ast-page-background-meta":{"desktop":{"background-color":"var(--ast-global-color-4)","background-image":"","background-repeat":"repeat","background-position":"center center","background-size":"auto","background-attachment":"scroll","background-type":"","background-media":"","overlay-type":"","overlay-color":"","overlay-opacity":"","overlay-gradient":""},"tablet":{"background-color":"","background-image":"","background-repeat":"repeat","background-position":"center center","background-size":"auto","background-attachment":"scroll","background-type":"","background-media":"","overlay-type":"","overlay-color":"","overlay-opacity":"","overlay-gradient":""},"mobile":{"background-color":"","background-image":"","background-repeat":"repeat","background-position":"center center","background-size":"auto","background-attachment":"scroll","background-type":"","background-media":"","overlay-type":"","overlay-color":"","overlay-opacity":"","overlay-gradient":""}},"ast-content-background-meta":{"desktop":{"background-color":"var(--ast-global-color-5)","background-image":"","background-repeat":"repeat","background-position":"center center","background-size":"auto","background-attachment":"scroll","background-type":"","background-media":"","overlay-type":"","overlay-color":"","overlay-opacity":"","overlay-gradient":""},"tablet":{"background-color":"var(--ast-global-color-5)","background-image":"","background-repeat":"repeat","background-position":"center center","background-size":"auto","background-attachment":"scroll","background-type":"","background-media":"","overlay-type":"","overlay-color":"","overlay-opacity":"","overlay-gradient":""},"mobile":{"background-color":"var(--ast-global-color-5)","background-image":"","background-repeat":"repeat","background-position":"center center","background-size":"auto","background-attachment":"scroll","background-type":"","background-media":"","overlay-type":"","overlay-color":"","overlay-opacity":"","overlay-gradient":""}},"footnotes":""},"class_list":["post-754","page","type-page","status-publish","hentry"],"_links":{"self":[{"href":"https:\/\/gko.ch\/index.php?rest_route=\/wp\/v2\/pages\/754","targetHints":{"allow":["GET"]}}],"collection":[{"href":"https:\/\/gko.ch\/index.php?rest_route=\/wp\/v2\/pages"}],"about":[{"href":"https:\/\/gko.ch\/index.php?rest_route=\/wp\/v2\/types\/page"}],"author":[{"embeddable":true,"href":"https:\/\/gko.ch\/index.php?rest_route=\/wp\/v2\/users\/1"}],"replies":[{"embeddable":true,"href":"https:\/\/gko.ch\/index.php?rest_route=%2Fwp%2Fv2%2Fcomments&post=754"}],"version-history":[{"count":1,"href":"https:\/\/gko.ch\/index.php?rest_route=\/wp\/v2\/pages\/754\/revisions"}],"predecessor-version":[{"id":755,"href":"https:\/\/gko.ch\/index.php?rest_route=\/wp\/v2\/pages\/754\/revisions\/755"}],"wp:attachment":[{"href":"https:\/\/gko.ch\/index.php?rest_route=%2Fwp%2Fv2%2Fmedia&parent=754"}],"curies":[{"name":"wp","href":"https:\/\/api.w.org\/{rel}","templated":true}]}}