{"id":746,"date":"2026-05-02T12:21:49","date_gmt":"2026-05-02T12:21:49","guid":{"rendered":"https:\/\/gko.ch\/?page_id=746"},"modified":"2026-05-02T12:21:49","modified_gmt":"2026-05-02T12:21:49","slug":"programm-2000","status":"publish","type":"page","link":"https:\/\/gko.ch\/?page_id=746","title":{"rendered":"Programm 2000"},"content":{"rendered":"\n<p><strong>Samstag, 4. M\u00e4rz 2000, 20 Uhr<\/strong><br>Gemeindehaussaal Ennenda<br>Wolfgang Amadeus Mozart<br>Divertimento f\u00fcr Bl\u00e4ser KV 253<br>Anton Kraft<br>Cellokonzert in C-Dur op. 4<br>Joseph Haydn<br>Sinfonie Nr.104 in G-Dur \u201eLondon\u201c<br>Ayelet Evron-Blesi, Violoncello \/ Glarner Kammerorchester \/ Leitung: Christoph Kobelt<\/p>\n\n\n\n<p><strong>Samstag, 4. November 2000, 20 Uhr<\/strong><br>Aula der Kantonsschule Glarus<br>Konzert mit Glarner Solisten<br>Johann Christian Bach<br>Sinfonia in G op.3\/6<br>Joseph Haydn<br>Klavierkonzert Nr. 11 in D-Dur<br>Wolfgang Amadeus Mozart<br>Sinfonie Nr. 1 in Es-Dur KV 16<br>Fl\u00f6tenkonzert Nr.2 in D-Dur KV 314<br>Patricia Tschudi, Fl\u00f6te \/ Daniel Zbinden, Klavier \/ Glarner Kammerorchester \/ Leitung: Christoph Kobelt<\/p>\n","protected":false},"excerpt":{"rendered":"<p>Samstag, 4. M\u00e4rz 2000, 20 UhrGemeindehaussaal EnnendaWolfgang Amadeus MozartDivertimento f\u00fcr Bl\u00e4ser KV 253Anton KraftCellokonzert in C-Dur op. 4Joseph HaydnSinfonie Nr.104 [&hellip;]<\/p>\n","protected":false},"author":1,"featured_media":0,"parent":0,"menu_order":0,"comment_status":"closed","ping_status":"closed","template":"","meta":{"site-sidebar-layout":"default","site-content-layout":"","ast-site-content-layout":"default","site-content-style":"default","site-sidebar-style":"default","ast-global-header-display":"","ast-banner-title-visibility":"","ast-main-header-display":"","ast-hfb-above-header-display":"","ast-hfb-below-header-display":"","ast-hfb-mobile-header-display":"","site-post-title":"","ast-breadcrumbs-content":"","ast-featured-img":"","footer-sml-layout":"","ast-disable-related-posts":"","theme-transparent-header-meta":"","adv-header-id-meta":"","stick-header-meta":"","header-above-stick-meta":"","header-main-stick-meta":"","header-below-stick-meta":"","astra-migrate-meta-layouts":"default","ast-page-background-enabled":"default","ast-page-background-meta":{"desktop":{"background-color":"var(--ast-global-color-4)","background-image":"","background-repeat":"repeat","background-position":"center center","background-size":"auto","background-attachment":"scroll","background-type":"","background-media":"","overlay-type":"","overlay-color":"","overlay-opacity":"","overlay-gradient":""},"tablet":{"background-color":"","background-image":"","background-repeat":"repeat","background-position":"center center","background-size":"auto","background-attachment":"scroll","background-type":"","background-media":"","overlay-type":"","overlay-color":"","overlay-opacity":"","overlay-gradient":""},"mobile":{"background-color":"","background-image":"","background-repeat":"repeat","background-position":"center center","background-size":"auto","background-attachment":"scroll","background-type":"","background-media":"","overlay-type":"","overlay-color":"","overlay-opacity":"","overlay-gradient":""}},"ast-content-background-meta":{"desktop":{"background-color":"var(--ast-global-color-5)","background-image":"","background-repeat":"repeat","background-position":"center center","background-size":"auto","background-attachment":"scroll","background-type":"","background-media":"","overlay-type":"","overlay-color":"","overlay-opacity":"","overlay-gradient":""},"tablet":{"background-color":"var(--ast-global-color-5)","background-image":"","background-repeat":"repeat","background-position":"center center","background-size":"auto","background-attachment":"scroll","background-type":"","background-media":"","overlay-type":"","overlay-color":"","overlay-opacity":"","overlay-gradient":""},"mobile":{"background-color":"var(--ast-global-color-5)","background-image":"","background-repeat":"repeat","background-position":"center center","background-size":"auto","background-attachment":"scroll","background-type":"","background-media":"","overlay-type":"","overlay-color":"","overlay-opacity":"","overlay-gradient":""}},"footnotes":""},"class_list":["post-746","page","type-page","status-publish","hentry"],"_links":{"self":[{"href":"https:\/\/gko.ch\/index.php?rest_route=\/wp\/v2\/pages\/746","targetHints":{"allow":["GET"]}}],"collection":[{"href":"https:\/\/gko.ch\/index.php?rest_route=\/wp\/v2\/pages"}],"about":[{"href":"https:\/\/gko.ch\/index.php?rest_route=\/wp\/v2\/types\/page"}],"author":[{"embeddable":true,"href":"https:\/\/gko.ch\/index.php?rest_route=\/wp\/v2\/users\/1"}],"replies":[{"embeddable":true,"href":"https:\/\/gko.ch\/index.php?rest_route=%2Fwp%2Fv2%2Fcomments&post=746"}],"version-history":[{"count":1,"href":"https:\/\/gko.ch\/index.php?rest_route=\/wp\/v2\/pages\/746\/revisions"}],"predecessor-version":[{"id":747,"href":"https:\/\/gko.ch\/index.php?rest_route=\/wp\/v2\/pages\/746\/revisions\/747"}],"wp:attachment":[{"href":"https:\/\/gko.ch\/index.php?rest_route=%2Fwp%2Fv2%2Fmedia&parent=746"}],"curies":[{"name":"wp","href":"https:\/\/api.w.org\/{rel}","templated":true}]}}