{"id":738,"date":"2026-05-02T12:17:33","date_gmt":"2026-05-02T12:17:33","guid":{"rendered":"https:\/\/gko.ch\/?page_id=738"},"modified":"2026-05-02T12:17:34","modified_gmt":"2026-05-02T12:17:34","slug":"programm-1996","status":"publish","type":"page","link":"https:\/\/gko.ch\/?page_id=738","title":{"rendered":"Programm 1996"},"content":{"rendered":"\n<p><strong>Samstag, 9. M\u00e4rz 1996, 20 Uhr<\/strong><br>Stadtkirche Glarus<br>Georg Friedrich H\u00e4ndel<br>The Messiah<br>Martina Fausch, Sopran \/ Heike Werner, Alt \/ Bernhard Hunziker, Tenor \/ Raphael Jud, Bass \/ Glarner Singverein<br>Glarner Kammerorchester \/ Hans Beat H\u00e4nggi, Cembalo \/ Fredi Grossmann, Orgel \/ Leitung: Christoph Kobelt<\/p>\n\n\n\n<p><strong>Samstag, 9. November 1996, 20 Uhr<\/strong><br>Aula der Kantonsschule Glarus<br>Franz Schubert<br>Symphonie Nr.5 in B-Dur<br>\u201eRomanze\u201c \u2013 \u201eLachen und Weinen\u201c \u2013 \u201eDer Tod und das M\u00e4dchen\u201c<br>Drei Lieder eingerichtet f\u00fcr Chor und Orchester von Ch. Kobelt<br>Robert Schumann<br>\u201eDie beiden Grenadiere\u201c eingerichtet f\u00fcr Chor und Orchester von Ch. Kobelt<br>Fr\u00e9d\u00e9ric Chopin<br>Klavierkonzert Nr. 1 in e-moll op.11<br>Patrizio Mazzola, Klavier \/ Glarner Singverein \/ Glarner Kammerorchester \/ Leitung: Christoph Kobelt<\/p>\n","protected":false},"excerpt":{"rendered":"<p>Samstag, 9. M\u00e4rz 1996, 20 UhrStadtkirche GlarusGeorg Friedrich H\u00e4ndelThe MessiahMartina Fausch, Sopran \/ Heike Werner, Alt \/ Bernhard Hunziker, Tenor [&hellip;]<\/p>\n","protected":false},"author":1,"featured_media":0,"parent":0,"menu_order":0,"comment_status":"closed","ping_status":"closed","template":"","meta":{"site-sidebar-layout":"default","site-content-layout":"","ast-site-content-layout":"default","site-content-style":"default","site-sidebar-style":"default","ast-global-header-display":"","ast-banner-title-visibility":"","ast-main-header-display":"","ast-hfb-above-header-display":"","ast-hfb-below-header-display":"","ast-hfb-mobile-header-display":"","site-post-title":"","ast-breadcrumbs-content":"","ast-featured-img":"","footer-sml-layout":"","ast-disable-related-posts":"","theme-transparent-header-meta":"","adv-header-id-meta":"","stick-header-meta":"","header-above-stick-meta":"","header-main-stick-meta":"","header-below-stick-meta":"","astra-migrate-meta-layouts":"default","ast-page-background-enabled":"default","ast-page-background-meta":{"desktop":{"background-color":"var(--ast-global-color-4)","background-image":"","background-repeat":"repeat","background-position":"center center","background-size":"auto","background-attachment":"scroll","background-type":"","background-media":"","overlay-type":"","overlay-color":"","overlay-opacity":"","overlay-gradient":""},"tablet":{"background-color":"","background-image":"","background-repeat":"repeat","background-position":"center center","background-size":"auto","background-attachment":"scroll","background-type":"","background-media":"","overlay-type":"","overlay-color":"","overlay-opacity":"","overlay-gradient":""},"mobile":{"background-color":"","background-image":"","background-repeat":"repeat","background-position":"center center","background-size":"auto","background-attachment":"scroll","background-type":"","background-media":"","overlay-type":"","overlay-color":"","overlay-opacity":"","overlay-gradient":""}},"ast-content-background-meta":{"desktop":{"background-color":"var(--ast-global-color-5)","background-image":"","background-repeat":"repeat","background-position":"center center","background-size":"auto","background-attachment":"scroll","background-type":"","background-media":"","overlay-type":"","overlay-color":"","overlay-opacity":"","overlay-gradient":""},"tablet":{"background-color":"var(--ast-global-color-5)","background-image":"","background-repeat":"repeat","background-position":"center center","background-size":"auto","background-attachment":"scroll","background-type":"","background-media":"","overlay-type":"","overlay-color":"","overlay-opacity":"","overlay-gradient":""},"mobile":{"background-color":"var(--ast-global-color-5)","background-image":"","background-repeat":"repeat","background-position":"center center","background-size":"auto","background-attachment":"scroll","background-type":"","background-media":"","overlay-type":"","overlay-color":"","overlay-opacity":"","overlay-gradient":""}},"footnotes":""},"class_list":["post-738","page","type-page","status-publish","hentry"],"_links":{"self":[{"href":"https:\/\/gko.ch\/index.php?rest_route=\/wp\/v2\/pages\/738","targetHints":{"allow":["GET"]}}],"collection":[{"href":"https:\/\/gko.ch\/index.php?rest_route=\/wp\/v2\/pages"}],"about":[{"href":"https:\/\/gko.ch\/index.php?rest_route=\/wp\/v2\/types\/page"}],"author":[{"embeddable":true,"href":"https:\/\/gko.ch\/index.php?rest_route=\/wp\/v2\/users\/1"}],"replies":[{"embeddable":true,"href":"https:\/\/gko.ch\/index.php?rest_route=%2Fwp%2Fv2%2Fcomments&post=738"}],"version-history":[{"count":1,"href":"https:\/\/gko.ch\/index.php?rest_route=\/wp\/v2\/pages\/738\/revisions"}],"predecessor-version":[{"id":739,"href":"https:\/\/gko.ch\/index.php?rest_route=\/wp\/v2\/pages\/738\/revisions\/739"}],"wp:attachment":[{"href":"https:\/\/gko.ch\/index.php?rest_route=%2Fwp%2Fv2%2Fmedia&parent=738"}],"curies":[{"name":"wp","href":"https:\/\/api.w.org\/{rel}","templated":true}]}}