{"id":736,"date":"2026-05-02T12:16:05","date_gmt":"2026-05-02T12:16:05","guid":{"rendered":"https:\/\/gko.ch\/?page_id=736"},"modified":"2026-05-02T12:16:05","modified_gmt":"2026-05-02T12:16:05","slug":"programm-1995","status":"publish","type":"page","link":"https:\/\/gko.ch\/?page_id=736","title":{"rendered":"Programm 1995"},"content":{"rendered":"\n<p><strong>Samstag, 8. April 1995, 20 Uhr<\/strong><br>Gemeindehaussaal Ennenda<br>Graf Ferdinand von Waldstein<br>Sinfonie in D-Dur<br>Joseph Haydn<br>Cellokonzert in C-Dur<br>Ludwig van Beethoven<br>Sinfonie Nr. 1 in C-Dur op.21<br>Anita Jehli, Violoncello \/ Glarner Kammerorchester \/ Leitung: Christoph Kobelt<\/p>\n\n\n\n<p><strong>Samstag, 30. September 1995, 17 Uhr<\/strong><br>Sch\u00fctzenhaus Glarus<br>Konzert mit Glarner Solisten<br>Johann Sebastian Bach<br>Ouvert\u00fcre in g-moll BWV 1070<br>Klavierkonzert in d-moll BWV1052<br>Antonio Vivaldi<br>Fl\u00f6tenkonzert Nr. 3 &#8222;La Notte&#8220; RV 439<br>Mandolinenkonzert in C-Dur RV 425<br>Fagottkonzert in F-Dur RV 489<br>Christoph Willibald Gkuck<br>Ballettmusiken aus Opern<br>Orpheus: &#8222;Reigen seliger Geister&#8220; und &#8222;Ballett&#8220; \/ Alceste: &#8222;Allegretto&#8220; \/ Armida: &#8222;Sicilienne&#8220; \/ Don Juan: &#8222;Risoluto e<br>moderato&#8220; und &#8222;Allegretto pizzicato&#8220;<br>Fredi Grossmann, Klavier \/ Hans Brupbacher, Fl\u00f6te \/ Franz Regli, Mandoline \/ Erich Zimmermann, Fagott \/<br>Glarner Kammerorchester \/ Leitung: Christoph Kobelt<\/p>\n","protected":false},"excerpt":{"rendered":"<p>Samstag, 8. April 1995, 20 UhrGemeindehaussaal EnnendaGraf Ferdinand von WaldsteinSinfonie in D-DurJoseph HaydnCellokonzert in C-DurLudwig van BeethovenSinfonie Nr. 1 in [&hellip;]<\/p>\n","protected":false},"author":1,"featured_media":0,"parent":0,"menu_order":0,"comment_status":"closed","ping_status":"closed","template":"","meta":{"site-sidebar-layout":"default","site-content-layout":"","ast-site-content-layout":"default","site-content-style":"default","site-sidebar-style":"default","ast-global-header-display":"","ast-banner-title-visibility":"","ast-main-header-display":"","ast-hfb-above-header-display":"","ast-hfb-below-header-display":"","ast-hfb-mobile-header-display":"","site-post-title":"","ast-breadcrumbs-content":"","ast-featured-img":"","footer-sml-layout":"","ast-disable-related-posts":"","theme-transparent-header-meta":"","adv-header-id-meta":"","stick-header-meta":"","header-above-stick-meta":"","header-main-stick-meta":"","header-below-stick-meta":"","astra-migrate-meta-layouts":"default","ast-page-background-enabled":"default","ast-page-background-meta":{"desktop":{"background-color":"var(--ast-global-color-4)","background-image":"","background-repeat":"repeat","background-position":"center center","background-size":"auto","background-attachment":"scroll","background-type":"","background-media":"","overlay-type":"","overlay-color":"","overlay-opacity":"","overlay-gradient":""},"tablet":{"background-color":"","background-image":"","background-repeat":"repeat","background-position":"center center","background-size":"auto","background-attachment":"scroll","background-type":"","background-media":"","overlay-type":"","overlay-color":"","overlay-opacity":"","overlay-gradient":""},"mobile":{"background-color":"","background-image":"","background-repeat":"repeat","background-position":"center center","background-size":"auto","background-attachment":"scroll","background-type":"","background-media":"","overlay-type":"","overlay-color":"","overlay-opacity":"","overlay-gradient":""}},"ast-content-background-meta":{"desktop":{"background-color":"var(--ast-global-color-5)","background-image":"","background-repeat":"repeat","background-position":"center center","background-size":"auto","background-attachment":"scroll","background-type":"","background-media":"","overlay-type":"","overlay-color":"","overlay-opacity":"","overlay-gradient":""},"tablet":{"background-color":"var(--ast-global-color-5)","background-image":"","background-repeat":"repeat","background-position":"center center","background-size":"auto","background-attachment":"scroll","background-type":"","background-media":"","overlay-type":"","overlay-color":"","overlay-opacity":"","overlay-gradient":""},"mobile":{"background-color":"var(--ast-global-color-5)","background-image":"","background-repeat":"repeat","background-position":"center center","background-size":"auto","background-attachment":"scroll","background-type":"","background-media":"","overlay-type":"","overlay-color":"","overlay-opacity":"","overlay-gradient":""}},"footnotes":""},"class_list":["post-736","page","type-page","status-publish","hentry"],"_links":{"self":[{"href":"https:\/\/gko.ch\/index.php?rest_route=\/wp\/v2\/pages\/736","targetHints":{"allow":["GET"]}}],"collection":[{"href":"https:\/\/gko.ch\/index.php?rest_route=\/wp\/v2\/pages"}],"about":[{"href":"https:\/\/gko.ch\/index.php?rest_route=\/wp\/v2\/types\/page"}],"author":[{"embeddable":true,"href":"https:\/\/gko.ch\/index.php?rest_route=\/wp\/v2\/users\/1"}],"replies":[{"embeddable":true,"href":"https:\/\/gko.ch\/index.php?rest_route=%2Fwp%2Fv2%2Fcomments&post=736"}],"version-history":[{"count":1,"href":"https:\/\/gko.ch\/index.php?rest_route=\/wp\/v2\/pages\/736\/revisions"}],"predecessor-version":[{"id":737,"href":"https:\/\/gko.ch\/index.php?rest_route=\/wp\/v2\/pages\/736\/revisions\/737"}],"wp:attachment":[{"href":"https:\/\/gko.ch\/index.php?rest_route=%2Fwp%2Fv2%2Fmedia&parent=736"}],"curies":[{"name":"wp","href":"https:\/\/api.w.org\/{rel}","templated":true}]}}