{"id":725,"date":"2026-05-02T12:08:30","date_gmt":"2026-05-02T12:08:30","guid":{"rendered":"https:\/\/gko.ch\/?page_id=725"},"modified":"2026-05-02T12:08:30","modified_gmt":"2026-05-02T12:08:30","slug":"programm-1990","status":"publish","type":"page","link":"https:\/\/gko.ch\/?page_id=725","title":{"rendered":"Programm 1990"},"content":{"rendered":"\n<p><strong>Sonntag, 16. September 1990, 20 Uhr<\/strong><br>Evangelische Kirche Schwanden<br>Johann Sebastian Bach<br>Contrapunktus I aus der &#8222;Kunst der Fuge&#8220; (Streicher)<br>Contrapunktus XII aus der &#8222;Kunst der Fuge&#8220; (Orgel)<br>Contrapunktus V aus der &#8222;Kunst der Fuge&#8220; (Streicher)<br>Jesu meine Freude Mottette BWV 227<br>Wolfgang Amadeus Mozart<br>Kirchensonate in D<br>Ave verum Motette<br>Felix Mendelssohn<br>Sonate Nr. 2 in c-moll op. 65 f\u00fcr Orgel<br>Jauchzet dem Herrn alle Welt Motette<br>1990<br>Glarner Kammerchor \/ Glarner Kammerorchester \/ Jakob Strebi, Orgel \/ Leitung: Christoph Kobelt<\/p>\n\n\n\n<p><strong>Samstag, 3. November 1990, 20 Uhr<\/strong><br>Gemeindehaussaal Ennenda<br>Wolfgang Amadeus Mozart<br>Konzert f\u00fcr Fl\u00f6te und Harfe KV 29<br>Claud Debussy<br>Danse sacr\u00e9e &#8211; Danse profane f\u00fcr Harfe und Streichorchester<br>Franz Schubert<br>Symphonie Nr. 5 in B-Dur<br>Praxedis Hug-R\u00fctti, Harfe \/ Balz Burri, Fl\u00f6te \/ Glarner Kammerorchester \/ Leitung: Christoph Kobelt<\/p>\n","protected":false},"excerpt":{"rendered":"<p>Sonntag, 16. September 1990, 20 UhrEvangelische Kirche SchwandenJohann Sebastian BachContrapunktus I aus der &#8222;Kunst der Fuge&#8220; (Streicher)Contrapunktus XII aus der [&hellip;]<\/p>\n","protected":false},"author":1,"featured_media":0,"parent":0,"menu_order":0,"comment_status":"closed","ping_status":"closed","template":"","meta":{"site-sidebar-layout":"default","site-content-layout":"","ast-site-content-layout":"default","site-content-style":"default","site-sidebar-style":"default","ast-global-header-display":"","ast-banner-title-visibility":"","ast-main-header-display":"","ast-hfb-above-header-display":"","ast-hfb-below-header-display":"","ast-hfb-mobile-header-display":"","site-post-title":"","ast-breadcrumbs-content":"","ast-featured-img":"","footer-sml-layout":"","ast-disable-related-posts":"","theme-transparent-header-meta":"","adv-header-id-meta":"","stick-header-meta":"","header-above-stick-meta":"","header-main-stick-meta":"","header-below-stick-meta":"","astra-migrate-meta-layouts":"default","ast-page-background-enabled":"default","ast-page-background-meta":{"desktop":{"background-color":"var(--ast-global-color-4)","background-image":"","background-repeat":"repeat","background-position":"center center","background-size":"auto","background-attachment":"scroll","background-type":"","background-media":"","overlay-type":"","overlay-color":"","overlay-opacity":"","overlay-gradient":""},"tablet":{"background-color":"","background-image":"","background-repeat":"repeat","background-position":"center center","background-size":"auto","background-attachment":"scroll","background-type":"","background-media":"","overlay-type":"","overlay-color":"","overlay-opacity":"","overlay-gradient":""},"mobile":{"background-color":"","background-image":"","background-repeat":"repeat","background-position":"center center","background-size":"auto","background-attachment":"scroll","background-type":"","background-media":"","overlay-type":"","overlay-color":"","overlay-opacity":"","overlay-gradient":""}},"ast-content-background-meta":{"desktop":{"background-color":"var(--ast-global-color-5)","background-image":"","background-repeat":"repeat","background-position":"center center","background-size":"auto","background-attachment":"scroll","background-type":"","background-media":"","overlay-type":"","overlay-color":"","overlay-opacity":"","overlay-gradient":""},"tablet":{"background-color":"var(--ast-global-color-5)","background-image":"","background-repeat":"repeat","background-position":"center center","background-size":"auto","background-attachment":"scroll","background-type":"","background-media":"","overlay-type":"","overlay-color":"","overlay-opacity":"","overlay-gradient":""},"mobile":{"background-color":"var(--ast-global-color-5)","background-image":"","background-repeat":"repeat","background-position":"center center","background-size":"auto","background-attachment":"scroll","background-type":"","background-media":"","overlay-type":"","overlay-color":"","overlay-opacity":"","overlay-gradient":""}},"footnotes":""},"class_list":["post-725","page","type-page","status-publish","hentry"],"_links":{"self":[{"href":"https:\/\/gko.ch\/index.php?rest_route=\/wp\/v2\/pages\/725","targetHints":{"allow":["GET"]}}],"collection":[{"href":"https:\/\/gko.ch\/index.php?rest_route=\/wp\/v2\/pages"}],"about":[{"href":"https:\/\/gko.ch\/index.php?rest_route=\/wp\/v2\/types\/page"}],"author":[{"embeddable":true,"href":"https:\/\/gko.ch\/index.php?rest_route=\/wp\/v2\/users\/1"}],"replies":[{"embeddable":true,"href":"https:\/\/gko.ch\/index.php?rest_route=%2Fwp%2Fv2%2Fcomments&post=725"}],"version-history":[{"count":1,"href":"https:\/\/gko.ch\/index.php?rest_route=\/wp\/v2\/pages\/725\/revisions"}],"predecessor-version":[{"id":726,"href":"https:\/\/gko.ch\/index.php?rest_route=\/wp\/v2\/pages\/725\/revisions\/726"}],"wp:attachment":[{"href":"https:\/\/gko.ch\/index.php?rest_route=%2Fwp%2Fv2%2Fmedia&parent=725"}],"curies":[{"name":"wp","href":"https:\/\/api.w.org\/{rel}","templated":true}]}}