{"id":718,"date":"2026-05-02T12:04:28","date_gmt":"2026-05-02T12:04:28","guid":{"rendered":"https:\/\/gko.ch\/?page_id=718"},"modified":"2026-05-02T12:06:17","modified_gmt":"2026-05-02T12:06:17","slug":"programm-1987","status":"publish","type":"page","link":"https:\/\/gko.ch\/?page_id=718","title":{"rendered":"Programm 1987"},"content":{"rendered":"\n<p><strong>Samstag, 7. M\u00e4rz 1987, 20 Uhr<\/strong><br>Pfarrkirche St. Hilarius N\u00e4fels<br>Sonntag, 8. M\u00e4rz 1987, 20 Uhr<br>Stadtkirche Glarus<br>Johannes Brahms<br>Begr\u00e4bnisgesang 0p. 13<br>zwei Choralvorspiele f\u00fcr Orgel op. 122<br>Wolfgang Amadeus Mozart<br>Requiem KV 626<br>Dorothea Frey, Sopran \/ Elizabeth Bachmann-Mc Queen, Alt \/ Peter Schaufelberger, Tenor \/ Hans-Ulrich Scheibler,<br>Bass \/ Glarner Kammerchor \/ Glarner Kammerorchester \/ Jakob Kobelt, Orgel \/ Leitung: Christoph Kobelt<\/p>\n\n\n\n<p><strong>Samstag, 14. November 1987, 20 Uhr<\/strong><br>Sonntag, 15. November 1987, 20 Uhr<br>Aula Kantonsschule Glarus<br>Antonio Salieri<br>aus Sinfonie Nr.19 I. Satz<br>Wolfgang Amadeus Mozart<br>Fagottkonzert in B-Dur KV 191<br>Nicolai Rimsky-Korsakov<br>Mozart und Salieri Oper<br>Niklaus R\u00fcegg, Tenor (Mozart) \/ Ueli Eggimann, Bass (Salieri) \/ Erich Zimermann, Fagott \/ Glarner Kammerorchester \/<br>Mitglieder des Glarner Kammerchors \/ Wolfgang Meixner, Regie \/ Peter Gisin, B\u00fchnenbild \/ Leitung: Christoph Kobelt<\/p>\n","protected":false},"excerpt":{"rendered":"<p>Samstag, 7. M\u00e4rz 1987, 20 UhrPfarrkirche St. Hilarius N\u00e4felsSonntag, 8. M\u00e4rz 1987, 20 UhrStadtkirche GlarusJohannes BrahmsBegr\u00e4bnisgesang 0p. 13zwei Choralvorspiele f\u00fcr [&hellip;]<\/p>\n","protected":false},"author":1,"featured_media":0,"parent":0,"menu_order":0,"comment_status":"closed","ping_status":"closed","template":"","meta":{"site-sidebar-layout":"default","site-content-layout":"","ast-site-content-layout":"default","site-content-style":"default","site-sidebar-style":"default","ast-global-header-display":"","ast-banner-title-visibility":"","ast-main-header-display":"","ast-hfb-above-header-display":"","ast-hfb-below-header-display":"","ast-hfb-mobile-header-display":"","site-post-title":"","ast-breadcrumbs-content":"","ast-featured-img":"","footer-sml-layout":"","ast-disable-related-posts":"","theme-transparent-header-meta":"","adv-header-id-meta":"","stick-header-meta":"","header-above-stick-meta":"","header-main-stick-meta":"","header-below-stick-meta":"","astra-migrate-meta-layouts":"default","ast-page-background-enabled":"default","ast-page-background-meta":{"desktop":{"background-color":"var(--ast-global-color-4)","background-image":"","background-repeat":"repeat","background-position":"center center","background-size":"auto","background-attachment":"scroll","background-type":"","background-media":"","overlay-type":"","overlay-color":"","overlay-opacity":"","overlay-gradient":""},"tablet":{"background-color":"","background-image":"","background-repeat":"repeat","background-position":"center center","background-size":"auto","background-attachment":"scroll","background-type":"","background-media":"","overlay-type":"","overlay-color":"","overlay-opacity":"","overlay-gradient":""},"mobile":{"background-color":"","background-image":"","background-repeat":"repeat","background-position":"center center","background-size":"auto","background-attachment":"scroll","background-type":"","background-media":"","overlay-type":"","overlay-color":"","overlay-opacity":"","overlay-gradient":""}},"ast-content-background-meta":{"desktop":{"background-color":"var(--ast-global-color-5)","background-image":"","background-repeat":"repeat","background-position":"center center","background-size":"auto","background-attachment":"scroll","background-type":"","background-media":"","overlay-type":"","overlay-color":"","overlay-opacity":"","overlay-gradient":""},"tablet":{"background-color":"var(--ast-global-color-5)","background-image":"","background-repeat":"repeat","background-position":"center center","background-size":"auto","background-attachment":"scroll","background-type":"","background-media":"","overlay-type":"","overlay-color":"","overlay-opacity":"","overlay-gradient":""},"mobile":{"background-color":"var(--ast-global-color-5)","background-image":"","background-repeat":"repeat","background-position":"center center","background-size":"auto","background-attachment":"scroll","background-type":"","background-media":"","overlay-type":"","overlay-color":"","overlay-opacity":"","overlay-gradient":""}},"footnotes":""},"class_list":["post-718","page","type-page","status-publish","hentry"],"_links":{"self":[{"href":"https:\/\/gko.ch\/index.php?rest_route=\/wp\/v2\/pages\/718","targetHints":{"allow":["GET"]}}],"collection":[{"href":"https:\/\/gko.ch\/index.php?rest_route=\/wp\/v2\/pages"}],"about":[{"href":"https:\/\/gko.ch\/index.php?rest_route=\/wp\/v2\/types\/page"}],"author":[{"embeddable":true,"href":"https:\/\/gko.ch\/index.php?rest_route=\/wp\/v2\/users\/1"}],"replies":[{"embeddable":true,"href":"https:\/\/gko.ch\/index.php?rest_route=%2Fwp%2Fv2%2Fcomments&post=718"}],"version-history":[{"count":2,"href":"https:\/\/gko.ch\/index.php?rest_route=\/wp\/v2\/pages\/718\/revisions"}],"predecessor-version":[{"id":722,"href":"https:\/\/gko.ch\/index.php?rest_route=\/wp\/v2\/pages\/718\/revisions\/722"}],"wp:attachment":[{"href":"https:\/\/gko.ch\/index.php?rest_route=%2Fwp%2Fv2%2Fmedia&parent=718"}],"curies":[{"name":"wp","href":"https:\/\/api.w.org\/{rel}","templated":true}]}}