{"id":299,"date":"2024-11-28T19:31:16","date_gmt":"2024-11-28T19:31:16","guid":{"rendered":"https:\/\/wordpress.gko.ch\/?page_id=299"},"modified":"2025-04-04T16:51:05","modified_gmt":"2025-04-04T16:51:05","slug":"mitgliedschaft","status":"publish","type":"page","link":"https:\/\/gko.ch\/?page_id=299","title":{"rendered":"Mitgliedschaft"},"content":{"rendered":"\t\t<div data-elementor-type=\"wp-page\" data-elementor-id=\"299\" class=\"elementor elementor-299\">\n\t\t\t\t<div class=\"elementor-element elementor-element-d51a297 e-flex e-con-boxed e-con e-parent\" data-id=\"d51a297\" data-element_type=\"container\" data-e-type=\"container\">\n\t\t\t\t\t<div class=\"e-con-inner\">\n\t\t\t\t<div class=\"elementor-element elementor-element-debec3f elementor-widget elementor-widget-text-editor\" data-id=\"debec3f\" data-element_type=\"widget\" data-e-type=\"widget\" data-widget_type=\"text-editor.default\">\n\t\t\t\t<div class=\"elementor-widget-container\">\n\t\t\t\t\t\t\t\t\t<p>Danke, dass Sie sich f\u00fcr unser Orchester interessieren. Wir w\u00fcrden uns freuen, wenn Sie sich f\u00fcr eine Mitgliedschaft entscheiden k\u00f6nnten.<\/p>\n<p><!-- \/wp:paragraph --><!-- wp:paragraph --><\/p>\n<p>Es bestehen folgende Mitgliedm\u00f6glichkeiten:<\/p>\t\t\t\t\t\t\t\t<\/div>\n\t\t\t\t<\/div>\n\t\t\t\t<div class=\"elementor-element elementor-element-8418a44 elementor-widget elementor-widget-text-editor\" data-id=\"8418a44\" data-element_type=\"widget\" data-e-type=\"widget\" data-widget_type=\"text-editor.default\">\n\t\t\t\t<div class=\"elementor-widget-container\">\n\t\t\t\t\t\t\t\t\t<table class=\"has-fixed-layout\">\n<tbody>\n<tr>\n<td>Aktivmitglied<\/td>\n<td>Fr.<\/td>\n<td>300.&#8211;<\/td>\n<td>\u00a0<\/td>\n<\/tr>\n<tr>\n<td>Jugendliche aktiv<\/td>\n<td>Fr.<\/td>\n<td>100.&#8211;<\/td>\n<td>\u00a0<\/td>\n<\/tr>\n<tr>\n<td>Passivmitglied<\/td>\n<td>Fr.<\/td>\n<td>30.&#8211;<\/td>\n<td>Bon Hauptkonzert \u00e0 5 Fr.<\/td>\n<\/tr>\n<tr>\n<td>Patronatsmitglied<\/td>\n<td>Fr.<\/td>\n<td>60.&#8211;<\/td>\n<td>Bon Hauptkonzert \u00e0 10 Fr.<\/td>\n<\/tr>\n<tr>\n<td>G\u00f6nner<\/td>\n<td>Fr.<\/td>\n<td>100.&#8211;<\/td>\n<td>Freibillett f\u00fcr Hauptkonzert<\/td>\n<\/tr>\n<tr>\n<td>Pate &#8211; Firma oder Privatperson<\/td>\n<td>Fr.<\/td>\n<td>250.&#8211;<\/td>\n<td>Freibillett\/e Hauptkonzert,<br \/>Auf Wunsch Erw\u00e4hnung im Programmheft<\/td>\n<\/tr>\n<tr>\n<td>Familienmitgliedschaft<\/td>\n<td>Fr.<\/td>\n<td>60.&#8211;<\/td>\n<td>2 Bons Hauptkonzert \u00e0 5 Fr. und<br \/>Kinder bis 18 J. gratis<\/td>\n<\/tr>\n<\/tbody>\n<\/table>\t\t\t\t\t\t\t\t<\/div>\n\t\t\t\t<\/div>\n\t\t\t\t<div class=\"elementor-element elementor-element-818f662 elementor-widget elementor-widget-text-editor\" data-id=\"818f662\" data-element_type=\"widget\" data-e-type=\"widget\" data-widget_type=\"text-editor.default\">\n\t\t\t\t<div class=\"elementor-widget-container\">\n\t\t\t\t\t\t\t\t\t<h3 class=\"wp-block-heading\">Bankverbindung<\/h3>\n<p>Glarner Kantonalbank, 8750 Glarus<br \/>IBAN: CH46 0077 3000 5213 9310 9<\/p>\n<p>Das Konto lautet auf:<br \/>Frau Esther Lerch, Brugghof 13, 8867 Niederurnen<\/p>\n<p>Weitere Informationen erhalten Sie unter:<\/p>\n<p>mailto:\u00a0<a href=\"mailto:christina.haerter@gmx.ch\">christina.haerter@gmx.ch<\/a><\/p>\t\t\t\t\t\t\t\t<\/div>\n\t\t\t\t<\/div>\n\t\t\t\t\t<\/div>\n\t\t\t\t<\/div>\n\t\t<div class=\"elementor-element elementor-element-26da918 e-flex e-con-boxed e-con e-parent\" data-id=\"26da918\" data-element_type=\"container\" data-e-type=\"container\">\n\t\t\t\t\t<div class=\"e-con-inner\">\n\t\t\t\t\t<\/div>\n\t\t\t\t<\/div>\n\t\t\t\t<\/div>\n\t\t","protected":false},"excerpt":{"rendered":"<p>Danke, dass Sie sich f\u00fcr unser Orchester interessieren. Wir w\u00fcrden uns freuen, wenn Sie sich f\u00fcr eine Mitgliedschaft entscheiden k\u00f6nnten. [&hellip;]<\/p>\n","protected":false},"author":1,"featured_media":0,"parent":0,"menu_order":0,"comment_status":"closed","ping_status":"closed","template":"","meta":{"site-sidebar-layout":"default","site-content-layout":"","ast-site-content-layout":"default","site-content-style":"default","site-sidebar-style":"default","ast-global-header-display":"","ast-banner-title-visibility":"","ast-main-header-display":"","ast-hfb-above-header-display":"","ast-hfb-below-header-display":"","ast-hfb-mobile-header-display":"","site-post-title":"","ast-breadcrumbs-content":"","ast-featured-img":"","footer-sml-layout":"","ast-disable-related-posts":"","theme-transparent-header-meta":"","adv-header-id-meta":"","stick-header-meta":"","header-above-stick-meta":"","header-main-stick-meta":"","header-below-stick-meta":"","astra-migrate-meta-layouts":"default","ast-page-background-enabled":"default","ast-page-background-meta":{"desktop":{"background-color":"var(--ast-global-color-4)","background-image":"","background-repeat":"repeat","background-position":"center center","background-size":"auto","background-attachment":"scroll","background-type":"","background-media":"","overlay-type":"","overlay-color":"","overlay-opacity":"","overlay-gradient":""},"tablet":{"background-color":"","background-image":"","background-repeat":"repeat","background-position":"center center","background-size":"auto","background-attachment":"scroll","background-type":"","background-media":"","overlay-type":"","overlay-color":"","overlay-opacity":"","overlay-gradient":""},"mobile":{"background-color":"","background-image":"","background-repeat":"repeat","background-position":"center center","background-size":"auto","background-attachment":"scroll","background-type":"","background-media":"","overlay-type":"","overlay-color":"","overlay-opacity":"","overlay-gradient":""}},"ast-content-background-meta":{"desktop":{"background-color":"var(--ast-global-color-5)","background-image":"","background-repeat":"repeat","background-position":"center center","background-size":"auto","background-attachment":"scroll","background-type":"","background-media":"","overlay-type":"","overlay-color":"","overlay-opacity":"","overlay-gradient":""},"tablet":{"background-color":"var(--ast-global-color-5)","background-image":"","background-repeat":"repeat","background-position":"center center","background-size":"auto","background-attachment":"scroll","background-type":"","background-media":"","overlay-type":"","overlay-color":"","overlay-opacity":"","overlay-gradient":""},"mobile":{"background-color":"var(--ast-global-color-5)","background-image":"","background-repeat":"repeat","background-position":"center center","background-size":"auto","background-attachment":"scroll","background-type":"","background-media":"","overlay-type":"","overlay-color":"","overlay-opacity":"","overlay-gradient":""}},"footnotes":""},"class_list":["post-299","page","type-page","status-publish","hentry"],"_links":{"self":[{"href":"https:\/\/gko.ch\/index.php?rest_route=\/wp\/v2\/pages\/299","targetHints":{"allow":["GET"]}}],"collection":[{"href":"https:\/\/gko.ch\/index.php?rest_route=\/wp\/v2\/pages"}],"about":[{"href":"https:\/\/gko.ch\/index.php?rest_route=\/wp\/v2\/types\/page"}],"author":[{"embeddable":true,"href":"https:\/\/gko.ch\/index.php?rest_route=\/wp\/v2\/users\/1"}],"replies":[{"embeddable":true,"href":"https:\/\/gko.ch\/index.php?rest_route=%2Fwp%2Fv2%2Fcomments&post=299"}],"version-history":[{"count":5,"href":"https:\/\/gko.ch\/index.php?rest_route=\/wp\/v2\/pages\/299\/revisions"}],"predecessor-version":[{"id":549,"href":"https:\/\/gko.ch\/index.php?rest_route=\/wp\/v2\/pages\/299\/revisions\/549"}],"wp:attachment":[{"href":"https:\/\/gko.ch\/index.php?rest_route=%2Fwp%2Fv2%2Fmedia&parent=299"}],"curies":[{"name":"wp","href":"https:\/\/api.w.org\/{rel}","templated":true}]}}