{"id":121,"date":"2024-11-28T18:41:25","date_gmt":"2024-11-28T18:41:25","guid":{"rendered":"https:\/\/wordpress.gko.ch\/?page_id=121"},"modified":"2024-11-28T18:41:26","modified_gmt":"2024-11-28T18:41:26","slug":"werkliste","status":"publish","type":"page","link":"https:\/\/gko.ch\/?page_id=121","title":{"rendered":"Werkliste"},"content":{"rendered":"\n<h2 class=\"wp-block-heading\">Werkliste bis 2004<\/h2>\n\n\n\n<figure class=\"wp-block-table\"><table class=\"has-fixed-layout\"><tbody><tr><td colspan=\"2\"><strong>Orchesterwerke<\/strong><\/td><\/tr><tr><td>J.S. BACH<\/td><td>Ouvert\u00fcre Nr. 1, 3, Brandenburgisches Konzert Nr.1, 2, 5, Kunst der Fuge, Chor\u00e4le f\u00fcr Streichorchester<\/td><\/tr><tr><td>Joh. Chr. BACH<\/td><td>Sinfonia in G<\/td><\/tr><tr><td>BARBER<\/td><td>Adagio f\u00fcr Streicher<\/td><\/tr><tr><td>BARTOK<\/td><td>Rum\u00e4nische Volkst\u00e4nze<\/td><\/tr><tr><td>BEETHOVEN<\/td><td>Sinfonie Nr.1 in C-Dur, Coriolan-Ouvert\u00fcre<\/td><\/tr><tr><td>BIBER<\/td><td>Battaglia f\u00fcr Streicher<\/td><\/tr><tr><td>BOYCE<\/td><td>Symphony Nr.8<\/td><\/tr><tr><td>BRAHMS<\/td><td>Ungarische T\u00e4nze Nr.11 und Nr.14<\/td><\/tr><tr><td>BRITTEN<\/td><td>Simple Symphonie<\/td><\/tr><tr><td>CORELLI<\/td><td>Sonata da chiesa d-moll, Stefani-Variation<\/td><\/tr><tr><td>DVOR\u00c1K<\/td><td>Zwei Walzer, Slawischer Tanz<\/td><\/tr><tr><td>ELGAR<\/td><td>6 einfache St\u00fccke f\u00fcr Streichorchester<\/td><\/tr><tr><td>FARKAS<\/td><td>Piccola musica di concerto; Partita all&#8216; ungarese<\/td><\/tr><tr><td>FRIEDLI A.M.<\/td><td>Golden Men f\u00fcr Streichorchester und Latin-Jazzband<\/td><\/tr><tr><td>FROBERGER<\/td><td>Cappriccio in G Dur<\/td><\/tr><tr><td>GABRIELI<\/td><td>Canzone<\/td><\/tr><tr><td>GLUCK<\/td><td>Ballett-Musiken; Sinfonia in G-Dur<\/td><\/tr><tr><td>GRIEG<\/td><td>Holberg-Suite; Zwei norwegische Lieder &#8222;Im Volkston&#8220;<\/td><\/tr><tr><td>H\u00c4NDEL<\/td><td>Wassermusik<\/td><\/tr><tr><td>HAYDN<\/td><td>Sinfonie Nr.31, 53, 63, 94, 104, \u00abDie sieben letzten Worte\u00bb ;<\/td><\/tr><tr><td>HINDEMITH<\/td><td>F\u00fcnf St\u00fccke f\u00fcr Streichorchester; acht St\u00fccke f\u00fcr Streichorchester op 44 III<\/td><\/tr><tr><td>JANACEK<\/td><td>Suite f\u00fcr Streichorchester<\/td><\/tr><tr><td>LULLY<\/td><td>Chaconne f\u00fcr Streichorchester<\/td><\/tr><tr><td>MENDELSSOHN<\/td><td>Sinfonia in g-moll (Nr. XII)<\/td><\/tr><tr><td>FANNY MENDELSSOHN<\/td><td>Pr\u00e4ludium f\u00fcr Streicher<\/td><\/tr><tr><td>MURTO<\/td><td>The fiddlers, Suiter f\u00fcr Streichorchester<\/td><\/tr><tr><td>L. MOZART<\/td><td>Kindersinfonie;<\/td><\/tr><tr><td>W.A. MOZART<\/td><td>Sinfonien Nr. 1, 39, 40, 41, Serenata notturna, DIVERTIMENTO Nr.1, f\u00fcr 2 Klarinetten, 2 H\u00f6rner und Streicher,&nbsp; KV 113;<\/td><\/tr><tr><td>PACHELBEL<\/td><td>Canon<\/td><\/tr><tr><td>PENDERECKI<\/td><td>Suite im alten Stil f\u00fcr Streicher<\/td><\/tr><tr><td>PR\u00c4TORIUS<\/td><td>Orchestersuite aus Terpsichore<\/td><\/tr><tr><td>PROKOFIEFF<\/td><td>Peter und der Wolf<\/td><\/tr><tr><td>PURCELL<\/td><td>Sommernachtstraum- Suite<\/td><\/tr><tr><td>REGER<\/td><td>Lyrisches Andante<\/td><\/tr><tr><td>ROSSINI<\/td><td>Ouvert\u00fcre \u00abL&#8217;Italiana in Algeri\u00bb<\/td><\/tr><tr><td>SAINT-SA\u00cbNS<\/td><td>Le Carnaval des Animaux<\/td><\/tr><tr><td>SALIERI<\/td><td>Sinfonie Nr.19 1. Satz<\/td><\/tr><tr><td>SCHUBERT<\/td><td>Symphonie Nr.5 in B-Dur, Ballettmusik zu \u00abRosamunde\u00bb;<\/td><\/tr><tr><td>STRAUSS<\/td><td>Pizzicato-Polka<\/td><\/tr><tr><td>STRAVINSKY<\/td><td>Suite f\u00fcr kleines Orchester<\/td><\/tr><tr><td>TELEMANN<\/td><td>Festliche Suite f\u00fcr Streicher in A-Dur<\/td><\/tr><tr><td>VIVALDI<\/td><td>Concerto grosso in d-moll<\/td><\/tr><tr><td>WAGNER<\/td><td>Siegfriedidyll<\/td><\/tr><tr><td>WALDSTEIN<\/td><td>Sinfonie D-Dur<\/td><\/tr><tr><td>WEBER<\/td><td>Sinfonie Nr.2<\/td><\/tr><tr><td>WULLSCHEGER Isabel<\/td><td>Orage d&#8217;Oiseaux f\u00fcr Streicher<\/td><\/tr><tr><td colspan=\"2\"><strong>Solokonzerte<\/strong><\/td><\/tr><tr><td>BACH<\/td><td>Violinkonzert a-moll, Konzert f\u00fcr 2 Violinen d-moll, Klavierkonzert in d-moll, D-Dur, Concerto f\u00fcr 2 Klaviere in C-Dur, (BWV 1061)<\/td><\/tr><tr><td>BEETHOVEN<\/td><td>Klavierkonzert Nr.2 und Nr.4, Violinkonzert<\/td><\/tr><tr><td>BOCCHERINI<\/td><td>Cellokonzert in B-Dur<\/td><\/tr><tr><td>CASADESUS-BACH<\/td><td>Cellokonzert c-Moll 1.Satz<\/td><\/tr><tr><td>CHOPIN<\/td><td>Klavierkonzert Nr.1<\/td><\/tr><tr><td>DEBUSSY<\/td><td>T\u00e4nze f\u00fcr Harfe und Streicher<\/td><\/tr><tr><td>FRANCESCINI<\/td><td>Konzert f\u00fcr 2 Trompeten<\/td><\/tr><tr><td>GIULIANI Mauro<\/td><td>Gitarrenkonzert in A-Dur 1.Satz<\/td><\/tr><tr><td>GLUCK<\/td><td>Arie und und Recvitativ aus &#8222;Orph\u00e9e et Eurydice&#8220;<\/td><\/tr><tr><td>GRIEG<\/td><td>Klavierkonzert a-moll op.16<\/td><\/tr><tr><td>H\u00c4NDEL<\/td><td>Orgelkonzerte Nr.2, 4, 5, 13, Harfenkonzert B-Dur op4. Nr.6<\/td><\/tr><tr><td>HAYDN<\/td><td>Cellokonzert in C-Dur, Fl\u00f6tenkonzert D-Dur, Klavierkonzert in D-Dur, Orgelkonzert C-Dur; Klavierkonzert in C-Dur Hob XIV:12<\/td><\/tr><tr><td>GRAUN<\/td><td>Orgelkonzert in F<\/td><\/tr><tr><td>KELLER<\/td><td>Ritual f\u00fcr Fl\u00f6te und Streicher<\/td><\/tr><tr><td>KOBELT<\/td><td>Konzert f\u00fcr Orgel, Streichorchester und Pauken op.28<\/td><\/tr><tr><td>KRAFT<\/td><td>Cellokonzert in C-Dur<\/td><\/tr><tr><td>LANCEN<\/td><td>Kontrabasskonzert<\/td><\/tr><tr><td>MENDELSSOHN<\/td><td>Violinkonzert in e-moll Op. 64<\/td><\/tr><tr><td>L. MOZART<\/td><td>Alphornkonzert<\/td><\/tr><tr><td>W.A. MOZART<\/td><td>Fagottkonzert, Fl\u00f6ten-Harfen-Konzert, Fl\u00f6tenkonzert Nr.2, Hornkonzert Nr.3, Klarinettenkonzert, Klavierkonzert Nr.12 A-Dur und Nr.27, Violinkonzert Nr.3, HORNKONZERT Nr.4, Es-DUR KV 495; Sinfonia concertante f\u00fcr Violine, Viola und Orchester KV 364&nbsp;<\/td><\/tr><tr><td>PERGOLSEI<\/td><td>Arie aus &#8222;Stabat mater&#8220; f\u00fcr Sopran und Orchester<\/td><\/tr><tr><td>RHEINBERGER<\/td><td>Suite op. 149 f\u00fcr Violine, Cello und Orgel Smit Streichorchester<\/td><\/tr><tr><td>SCHUMANN<\/td><td>Klavierkonzert in a-moll, Cellokonzert a-Moll<\/td><\/tr><tr><td>TELEMANN<\/td><td>Bratschenkonzert G-Dur<\/td><\/tr><tr><td>VANHAL<\/td><td>Orgelkonzert F-Dur<\/td><\/tr><tr><td>VIVALDI<\/td><td>aus den Jahreszeiten: Satz 1, 2, Concerto grosso d-moll, Fagottkonzert F-Dur, Fl\u00f6tenkonzert \u00abLa notte\u00bb, Konzert f\u00fcr 2 Gitarren G-Dur, Mandolinenkonzert C-Dur<\/td><\/tr><tr><td colspan=\"2\"><strong>Chorwerke<\/strong><\/td><\/tr><tr><td>J.S. BACH<\/td><td>Johannespassion,&nbsp;Kantaten Nr. 29, 37, 39, 78, Magnificat, u.a.<\/td><\/tr><tr><td>BEETHOVEN<\/td><td>Chorfantasie<\/td><\/tr><tr><td>BUXTEHUDE<\/td><td>Kantate \u00abAlles was ihr tut*<\/td><\/tr><tr><td>BORTNIANSKY<\/td><td>Russischer Vesperchor<\/td><\/tr><tr><td>BRAHMS<\/td><td>&#8222;O heiland reiss die Hiimmel auf&#8220;, Chormotette, 13. Psalm op27&nbsp; a capella<\/td><\/tr><tr><td>DURANTE<\/td><td>Magnificat B-Dur<\/td><\/tr><tr><td>H\u00c4NDEL<\/td><td>C\u00e4cilienode, Dettinger Te deum, Messias, Psalm 100<\/td><\/tr><tr><td>HAYDN<\/td><td>Die Sch\u00f6pfung, Te deum<\/td><\/tr><tr><td>HINDEMITH<\/td><td>Kanons f\u00fcr Chor und Streichorchester<\/td><\/tr><tr><td>KEISER<\/td><td>Markuspassion<\/td><\/tr><tr><td>KOBELT<\/td><td>Canticum perpetuum, Psalmenmesse, Glarnerlieder; Zwei Bilder f\u00fcr Chor und Orchester<\/td><\/tr><tr><td>W.A. MOZART<\/td><td>Kr\u00f6nungsmesse, Messe c-moll, Requiem, Notturnos f\u00fcr Chor und Orchester<\/td><\/tr><tr><td>CHUBERT<\/td><td>Messe Nr. 2 G-Dur, Orchester- und Chors\u00e4tze aus &#8222;Rosamunde&#8220;<\/td><\/tr><tr><td>VIVALDI<\/td><td>Gloria<\/td><\/tr><tr><td colspan=\"2\"><strong>Opern<\/strong><\/td><\/tr><tr><td>W.A. MOZART<\/td><td>Bastien und Bastienne<\/td><\/tr><tr><td>PERGOLESI<\/td><td>La Serva Padrona<\/td><\/tr><tr><td>KORSAKOV<\/td><td>Mozart und Salieri<\/td><\/tr><tr><td colspan=\"2\"><strong>Solisten 1976 &#8211; 2004<\/strong><\/td><\/tr><tr><td>ALPHORN<\/td><td>John Loretan<\/td><\/tr><tr><td>BRATSCHE<\/td><td>Rudolf Isler, Marianne Sch\u00f6nb\u00e4chler, Barbara H\u00fcbner<\/td><\/tr><tr><td>CELLO<\/td><td>Ayelet Evron-Blesi, Anita Jehli, Andreas Kammerecker, David Reitz, Christoph Steiner, John Todd<\/td><\/tr><tr><td>CEMBALO<\/td><td>Markus K\u00fchnis, Hans Vollenweider<\/td><\/tr><tr><td>FAGOTT<\/td><td>Erich Zimmermann<\/td><\/tr><tr><td>FL\u00d6TE<\/td><td>Patricia Tschudi,&nbsp;Hans Brupbacher, Balz Burri, Heinrich Keller,<\/td><\/tr><tr><td>GITARRE<\/td><td>Jury Clormann, Georg Dellapietra<\/td><\/tr><tr><td>HARFE<\/td><td>Katrin Bamert, Praxedis Hug-R\u00fctti<\/td><\/tr><tr><td>HORN<\/td><td>Matthias Berg, Jakob Hefti<\/td><\/tr><tr><td>KLARINETTE<\/td><td>Fides auf der Maur, Ricardo Gatzmann<\/td><\/tr><tr><td>KLAVIER<\/td><td>Werner B\u00e4rtschi, Hedwig Blumer-Batt, David Kobelt, Georges Martin, Niklaus Meier, Patrizio Mazzola ,Jakob Strebi, Daniel Zbinden<\/td><\/tr><tr><td>KONTRABASS<\/td><td>Yoan Goilav; Betty Otter<\/td><\/tr><tr><td>MANDOLINE<\/td><td>Franz Regli<\/td><\/tr><tr><td>ORGEL<\/td><td>Hans-Beat H\u00e4nggi, Ruth Illi, David Kobelt, Jakob Kobelt, Jakob Strebi<\/td><\/tr><tr><td>TROMPETE<\/td><td>Ralph Bryant, Edvard Cervenka, Claude Rippas<\/td><\/tr><tr><td>VIOLINE<\/td><td>Brigitte Aeppli, Johanna Beglinger, Bettina Boller, Barbara Brunner, Peter Ferndriger, Frank Gassmann, Rudolf Isler, Katharina Kobelt, Heinz Rellstab, Domenica Padovan<\/td><\/tr><\/tbody><\/table><\/figure>\n","protected":false},"excerpt":{"rendered":"<p>Werkliste bis 2004 Orchesterwerke J.S. BACH Ouvert\u00fcre Nr. 1, 3, Brandenburgisches Konzert Nr.1, 2, 5, Kunst der Fuge, Chor\u00e4le f\u00fcr [&hellip;]<\/p>\n","protected":false},"author":1,"featured_media":0,"parent":0,"menu_order":0,"comment_status":"closed","ping_status":"closed","template":"","meta":{"site-sidebar-layout":"default","site-content-layout":"","ast-site-content-layout":"default","site-content-style":"default","site-sidebar-style":"default","ast-global-header-display":"","ast-banner-title-visibility":"","ast-main-header-display":"","ast-hfb-above-header-display":"","ast-hfb-below-header-display":"","ast-hfb-mobile-header-display":"","site-post-title":"","ast-breadcrumbs-content":"","ast-featured-img":"","footer-sml-layout":"","ast-disable-related-posts":"","theme-transparent-header-meta":"","adv-header-id-meta":"","stick-header-meta":"","header-above-stick-meta":"","header-main-stick-meta":"","header-below-stick-meta":"","astra-migrate-meta-layouts":"default","ast-page-background-enabled":"default","ast-page-background-meta":{"desktop":{"background-color":"var(--ast-global-color-4)","background-image":"","background-repeat":"repeat","background-position":"center center","background-size":"auto","background-attachment":"scroll","background-type":"","background-media":"","overlay-type":"","overlay-color":"","overlay-opacity":"","overlay-gradient":""},"tablet":{"background-color":"","background-image":"","background-repeat":"repeat","background-position":"center center","background-size":"auto","background-attachment":"scroll","background-type":"","background-media":"","overlay-type":"","overlay-color":"","overlay-opacity":"","overlay-gradient":""},"mobile":{"background-color":"","background-image":"","background-repeat":"repeat","background-position":"center center","background-size":"auto","background-attachment":"scroll","background-type":"","background-media":"","overlay-type":"","overlay-color":"","overlay-opacity":"","overlay-gradient":""}},"ast-content-background-meta":{"desktop":{"background-color":"var(--ast-global-color-5)","background-image":"","background-repeat":"repeat","background-position":"center center","background-size":"auto","background-attachment":"scroll","background-type":"","background-media":"","overlay-type":"","overlay-color":"","overlay-opacity":"","overlay-gradient":""},"tablet":{"background-color":"var(--ast-global-color-5)","background-image":"","background-repeat":"repeat","background-position":"center center","background-size":"auto","background-attachment":"scroll","background-type":"","background-media":"","overlay-type":"","overlay-color":"","overlay-opacity":"","overlay-gradient":""},"mobile":{"background-color":"var(--ast-global-color-5)","background-image":"","background-repeat":"repeat","background-position":"center center","background-size":"auto","background-attachment":"scroll","background-type":"","background-media":"","overlay-type":"","overlay-color":"","overlay-opacity":"","overlay-gradient":""}},"footnotes":""},"class_list":["post-121","page","type-page","status-publish","hentry"],"_links":{"self":[{"href":"https:\/\/gko.ch\/index.php?rest_route=\/wp\/v2\/pages\/121","targetHints":{"allow":["GET"]}}],"collection":[{"href":"https:\/\/gko.ch\/index.php?rest_route=\/wp\/v2\/pages"}],"about":[{"href":"https:\/\/gko.ch\/index.php?rest_route=\/wp\/v2\/types\/page"}],"author":[{"embeddable":true,"href":"https:\/\/gko.ch\/index.php?rest_route=\/wp\/v2\/users\/1"}],"replies":[{"embeddable":true,"href":"https:\/\/gko.ch\/index.php?rest_route=%2Fwp%2Fv2%2Fcomments&post=121"}],"version-history":[{"count":1,"href":"https:\/\/gko.ch\/index.php?rest_route=\/wp\/v2\/pages\/121\/revisions"}],"predecessor-version":[{"id":122,"href":"https:\/\/gko.ch\/index.php?rest_route=\/wp\/v2\/pages\/121\/revisions\/122"}],"wp:attachment":[{"href":"https:\/\/gko.ch\/index.php?rest_route=%2Fwp%2Fv2%2Fmedia&parent=121"}],"curies":[{"name":"wp","href":"https:\/\/api.w.org\/{rel}","templated":true}]}}