{"id":117,"date":"2024-11-28T18:40:10","date_gmt":"2024-11-28T18:40:10","guid":{"rendered":"https:\/\/wordpress.gko.ch\/?page_id=117"},"modified":"2024-11-28T20:10:44","modified_gmt":"2024-11-28T20:10:44","slug":"programm-2023","status":"publish","type":"page","link":"https:\/\/gko.ch\/?page_id=117","title":{"rendered":"Programm 2023"},"content":{"rendered":"\n<h3 class=\"wp-block-heading\">Programm vom Karfreitag 7. April 9:30 Stadtkirche Glarus<\/h3>\n\n\n\n<p>Ernest Bloch: Concerto grosso Nr.1 Satz 1 u. 2, Streichorchester und obligates Klavier (Orgel)<\/p>\n\n\n\n<p>Arvo P\u00e4rt: Fratres<\/p>\n\n\n\n<p>Leo\u0161 Jan\u00e1\u010dek: aus Idyla Satz V, Adagio<\/p>\n\n\n\n<h2 class=\"wp-block-heading\">&nbsp;<\/h2>\n\n\n\n<h3 class=\"wp-block-heading\">Programm Stadtkirche Glarus am Sonntag, den 23. April 17:00<\/h3>\n\n\n\n<p>Ernest Bloch: Concerto grosso Nr.1 S\u00e4tze 1 und 2, Streichorchester und obligates Klavier (Orgel)<\/p>\n\n\n\n<p>Samuel Barber: Adagio op. 11<\/p>\n\n\n\n<p>Arvo P\u00e4rt: Fratres<\/p>\n\n\n\n<p>Leo\u0161 Jan\u00e1\u010dek: aus Idyla Satz V, Adagio<\/p>\n\n\n\n<p>Ernest Bloch: Concerto grosso Nr.1 Satz 4<\/p>\n\n\n\n<p><strong>Gedichte von Rainer Maria Rilke<\/strong>, vorgetragen von Dagmar Doll<\/p>\n\n\n\n<p><a href=\"https:\/\/www.gko.ch\/user_upload\/Probenplan\/221217_PP_GKO_April_2023.pdf\">Probeplan Wort und Musik, Stadtkirche Glarus, 23.4.23<\/a><\/p>\n","protected":false},"excerpt":{"rendered":"<p>Programm vom Karfreitag 7. April 9:30 Stadtkirche Glarus Ernest Bloch: Concerto grosso Nr.1 Satz 1 u. 2, Streichorchester und obligates [&hellip;]<\/p>\n","protected":false},"author":1,"featured_media":0,"parent":0,"menu_order":0,"comment_status":"closed","ping_status":"closed","template":"","meta":{"site-sidebar-layout":"default","site-content-layout":"","ast-site-content-layout":"default","site-content-style":"default","site-sidebar-style":"default","ast-global-header-display":"","ast-banner-title-visibility":"","ast-main-header-display":"","ast-hfb-above-header-display":"","ast-hfb-below-header-display":"","ast-hfb-mobile-header-display":"","site-post-title":"","ast-breadcrumbs-content":"","ast-featured-img":"","footer-sml-layout":"","ast-disable-related-posts":"","theme-transparent-header-meta":"","adv-header-id-meta":"","stick-header-meta":"","header-above-stick-meta":"","header-main-stick-meta":"","header-below-stick-meta":"","astra-migrate-meta-layouts":"default","ast-page-background-enabled":"default","ast-page-background-meta":{"desktop":{"background-color":"var(--ast-global-color-4)","background-image":"","background-repeat":"repeat","background-position":"center center","background-size":"auto","background-attachment":"scroll","background-type":"","background-media":"","overlay-type":"","overlay-color":"","overlay-opacity":"","overlay-gradient":""},"tablet":{"background-color":"","background-image":"","background-repeat":"repeat","background-position":"center center","background-size":"auto","background-attachment":"scroll","background-type":"","background-media":"","overlay-type":"","overlay-color":"","overlay-opacity":"","overlay-gradient":""},"mobile":{"background-color":"","background-image":"","background-repeat":"repeat","background-position":"center center","background-size":"auto","background-attachment":"scroll","background-type":"","background-media":"","overlay-type":"","overlay-color":"","overlay-opacity":"","overlay-gradient":""}},"ast-content-background-meta":{"desktop":{"background-color":"var(--ast-global-color-5)","background-image":"","background-repeat":"repeat","background-position":"center center","background-size":"auto","background-attachment":"scroll","background-type":"","background-media":"","overlay-type":"","overlay-color":"","overlay-opacity":"","overlay-gradient":""},"tablet":{"background-color":"var(--ast-global-color-5)","background-image":"","background-repeat":"repeat","background-position":"center center","background-size":"auto","background-attachment":"scroll","background-type":"","background-media":"","overlay-type":"","overlay-color":"","overlay-opacity":"","overlay-gradient":""},"mobile":{"background-color":"var(--ast-global-color-5)","background-image":"","background-repeat":"repeat","background-position":"center center","background-size":"auto","background-attachment":"scroll","background-type":"","background-media":"","overlay-type":"","overlay-color":"","overlay-opacity":"","overlay-gradient":""}},"footnotes":""},"class_list":["post-117","page","type-page","status-publish","hentry"],"_links":{"self":[{"href":"https:\/\/gko.ch\/index.php?rest_route=\/wp\/v2\/pages\/117","targetHints":{"allow":["GET"]}}],"collection":[{"href":"https:\/\/gko.ch\/index.php?rest_route=\/wp\/v2\/pages"}],"about":[{"href":"https:\/\/gko.ch\/index.php?rest_route=\/wp\/v2\/types\/page"}],"author":[{"embeddable":true,"href":"https:\/\/gko.ch\/index.php?rest_route=\/wp\/v2\/users\/1"}],"replies":[{"embeddable":true,"href":"https:\/\/gko.ch\/index.php?rest_route=%2Fwp%2Fv2%2Fcomments&post=117"}],"version-history":[{"count":2,"href":"https:\/\/gko.ch\/index.php?rest_route=\/wp\/v2\/pages\/117\/revisions"}],"predecessor-version":[{"id":317,"href":"https:\/\/gko.ch\/index.php?rest_route=\/wp\/v2\/pages\/117\/revisions\/317"}],"wp:attachment":[{"href":"https:\/\/gko.ch\/index.php?rest_route=%2Fwp%2Fv2%2Fmedia&parent=117"}],"curies":[{"name":"wp","href":"https:\/\/api.w.org\/{rel}","templated":true}]}}