{"id":105,"date":"2024-11-28T18:36:13","date_gmt":"2024-11-28T18:36:13","guid":{"rendered":"https:\/\/wordpress.gko.ch\/?page_id=105"},"modified":"2024-11-28T18:36:15","modified_gmt":"2024-11-28T18:36:15","slug":"programm-2015","status":"publish","type":"page","link":"https:\/\/gko.ch\/?page_id=105","title":{"rendered":"Programm 2015"},"content":{"rendered":"\n<h2 class=\"wp-block-heading\">Aufgef\u00fchrte Werke 2015<\/h2>\n\n\n\n<h1 class=\"wp-block-heading\">Christoph Kobelt beendet Dirigentent\u00e4tigkeit<\/h1>\n\n\n\n<p>Leider muss Christoph Kobelt nach 30 j\u00e4hriger Leitung aus gesundheitlichen Gr\u00fcnden zur\u00fccktreten. Zwei Artikel dazu erschienen in der Glarner Lokalpresse.<\/p>\n\n\n\n<p>F\u00fcr unser n\u00e4chstes Konzert vom 13. Juni 2015 konnte das Orchester kurzfristig Reto Cuonz als Dirigenten engagieren.<\/p>\n\n\n\n<p><a href=\"https:\/\/www.gko.ch\/user_upload\/Verein\/Christoph%20Kobelt_sogl_72_2015-01-17.pdf\" target=\"_blank\" rel=\"noreferrer noopener\"><strong>Artikel in &#8222;Die S\u00fcdostschweiz&#8220; vom 17. Januar 2015<\/strong><\/a><\/p>\n\n\n\n<p><a href=\"https:\/\/www.gko.ch\/user_upload\/Verein\/Christoph%20Kobelt%20Glarner%20Wochei_01_2015-01-21.pdf\" target=\"_blank\" rel=\"noreferrer noopener\"><strong>Artikel in &#8222;glarner woche&#8220; vom 21. Januar 2015<\/strong><\/a><\/p>\n\n\n\n<p>An der Ausserordentlichen Hauptversammlung vom 7.September 2015 wurde Reto Cuonz als neuer Dirigent des Glarner Kammerorchesters gew\u00e4hlt. Wir gratulieren ihm herzlich und freuen sehr auf die weitere musikalische Zusammenarbeit. Die Proben zu unserem n\u00e4chsten Projekt, dem Sinfoniekonzert vom 12.M\u00e4rz 2016, beginnen am 19.Oktober 2015, je Montags 19.45 \u2013 22 &nbsp;Uhr im MZR des Schulhauses Mitl\u00f6di. Auch neue Spieler\/-innen mit Streichinstrumenten sind willkommen.&nbsp;<br>Kontakt: Pr\u00e4sidentin Swantje Kammerecker, Sonnenau 7, Glarus, Tel.&nbsp;<img decoding=\"async\" src=\"resource:\/\/skype_ff_extension-at-jetpack\/skype_ff_extension\/data\/call_skype_logo.png\" width=\"0\" height=\"0\">055 640 94 61<img decoding=\"async\" src=\"resource:\/\/skype_ff_extension-at-jetpack\/skype_ff_extension\/data\/call_skype_logo.png\" width=\"0\" height=\"0\">055 640 94 61<\/p>\n\n\n\n<p><a href=\"https:\/\/www.gko.ch\/user_upload\/Verein\/Reto%20Cuonz%20sogl_72_2015-09-18.pdf\" target=\"_blank\" rel=\"noreferrer noopener\"><strong>Artikel in &#8222;Die S\u00fcdostschweiz&#8220; vom 18. September 2015<\/strong><\/a><\/p>\n\n\n\n<h1 class=\"wp-block-heading\">Konzert mit Solisten der Glarner Musikschule<\/h1>\n\n\n\n<p><strong>13. Juni 2015 um 19:00 Uhr in der Aula der Kantonsschule Glarus<\/strong><\/p>\n\n\n\n<p><a href=\"https:\/\/www.gko.ch\/user_upload\/Konzerte_2015\/2015-05-11%20Plakat%202015%20Musikschule.tif\" target=\"_blank\" rel=\"noreferrer noopener\"><strong>Konzertplakat<\/strong><\/a>,&nbsp;<a href=\"https:\/\/www.gko.ch\/user_upload\/Konzerte_2015\/gko_musikschule_textheft_v01_pdfx4.pdf\" target=\"_blank\" rel=\"noreferrer noopener\"><strong>Textheft<\/strong><\/a><\/p>\n\n\n\n<p>Joseph Haydn<br>Violinkonzert G-Dur<br>Solistinnen: Jennifer Zbinden (1. Satz), Maria Imhof (2. Satz), Carmen Sulser (3. Satz)<\/p>\n\n\n\n<p>Antonio Vivaldi<br>Gitarrenkonzert D-Dur<br>Solisten: Michael Jakober (1. Satz), Yannis Dirnberger (2. \/ 3. Satz)<\/p>\n\n\n\n<p>Dimitri Borissowitsch Kabalewski<br>4. Klavierkonzert<br>Solist: Halid Akca<\/p>\n\n\n\n<p>Mason Williams<br>Classical Gas<br>f\u00fcr Gitarre und Orchester<br>Solist: Nicolo Arena<\/p>\n\n\n\n<p>Ferdinando Carulli<br>Gitarrenkonzert A-Dur<br>Solist: Federico Bento<\/p>\n\n\n\n<p>Bernard Wayne Sanders<br>Tanz-Suite<br>f\u00fcr Alt-Saxophon und Orchester<br>Solist: Jonas Ferndriger<\/p>\n\n\n\n<p>Glarner Kammerorchester verst\u00e4rkt<br><br>Leitung: Reto Cuonz<\/p>\n","protected":false},"excerpt":{"rendered":"<p>Aufgef\u00fchrte Werke 2015 Christoph Kobelt beendet Dirigentent\u00e4tigkeit Leider muss Christoph Kobelt nach 30 j\u00e4hriger Leitung aus gesundheitlichen Gr\u00fcnden zur\u00fccktreten. Zwei [&hellip;]<\/p>\n","protected":false},"author":1,"featured_media":0,"parent":0,"menu_order":0,"comment_status":"closed","ping_status":"closed","template":"","meta":{"site-sidebar-layout":"default","site-content-layout":"","ast-site-content-layout":"default","site-content-style":"default","site-sidebar-style":"default","ast-global-header-display":"","ast-banner-title-visibility":"","ast-main-header-display":"","ast-hfb-above-header-display":"","ast-hfb-below-header-display":"","ast-hfb-mobile-header-display":"","site-post-title":"","ast-breadcrumbs-content":"","ast-featured-img":"","footer-sml-layout":"","ast-disable-related-posts":"","theme-transparent-header-meta":"","adv-header-id-meta":"","stick-header-meta":"","header-above-stick-meta":"","header-main-stick-meta":"","header-below-stick-meta":"","astra-migrate-meta-layouts":"default","ast-page-background-enabled":"default","ast-page-background-meta":{"desktop":{"background-color":"var(--ast-global-color-4)","background-image":"","background-repeat":"repeat","background-position":"center center","background-size":"auto","background-attachment":"scroll","background-type":"","background-media":"","overlay-type":"","overlay-color":"","overlay-opacity":"","overlay-gradient":""},"tablet":{"background-color":"","background-image":"","background-repeat":"repeat","background-position":"center center","background-size":"auto","background-attachment":"scroll","background-type":"","background-media":"","overlay-type":"","overlay-color":"","overlay-opacity":"","overlay-gradient":""},"mobile":{"background-color":"","background-image":"","background-repeat":"repeat","background-position":"center center","background-size":"auto","background-attachment":"scroll","background-type":"","background-media":"","overlay-type":"","overlay-color":"","overlay-opacity":"","overlay-gradient":""}},"ast-content-background-meta":{"desktop":{"background-color":"var(--ast-global-color-5)","background-image":"","background-repeat":"repeat","background-position":"center center","background-size":"auto","background-attachment":"scroll","background-type":"","background-media":"","overlay-type":"","overlay-color":"","overlay-opacity":"","overlay-gradient":""},"tablet":{"background-color":"var(--ast-global-color-5)","background-image":"","background-repeat":"repeat","background-position":"center center","background-size":"auto","background-attachment":"scroll","background-type":"","background-media":"","overlay-type":"","overlay-color":"","overlay-opacity":"","overlay-gradient":""},"mobile":{"background-color":"var(--ast-global-color-5)","background-image":"","background-repeat":"repeat","background-position":"center center","background-size":"auto","background-attachment":"scroll","background-type":"","background-media":"","overlay-type":"","overlay-color":"","overlay-opacity":"","overlay-gradient":""}},"footnotes":""},"class_list":["post-105","page","type-page","status-publish","hentry"],"_links":{"self":[{"href":"https:\/\/gko.ch\/index.php?rest_route=\/wp\/v2\/pages\/105","targetHints":{"allow":["GET"]}}],"collection":[{"href":"https:\/\/gko.ch\/index.php?rest_route=\/wp\/v2\/pages"}],"about":[{"href":"https:\/\/gko.ch\/index.php?rest_route=\/wp\/v2\/types\/page"}],"author":[{"embeddable":true,"href":"https:\/\/gko.ch\/index.php?rest_route=\/wp\/v2\/users\/1"}],"replies":[{"embeddable":true,"href":"https:\/\/gko.ch\/index.php?rest_route=%2Fwp%2Fv2%2Fcomments&post=105"}],"version-history":[{"count":1,"href":"https:\/\/gko.ch\/index.php?rest_route=\/wp\/v2\/pages\/105\/revisions"}],"predecessor-version":[{"id":106,"href":"https:\/\/gko.ch\/index.php?rest_route=\/wp\/v2\/pages\/105\/revisions\/106"}],"wp:attachment":[{"href":"https:\/\/gko.ch\/index.php?rest_route=%2Fwp%2Fv2%2Fmedia&parent=105"}],"curies":[{"name":"wp","href":"https:\/\/api.w.org\/{rel}","templated":true}]}}